{"id":3664,"date":"2025-11-23T23:09:06","date_gmt":"2025-11-23T23:09:06","guid":{"rendered":"https:\/\/acaboda.info\/?page_id=3664"},"modified":"2026-04-29T04:01:11","modified_gmt":"2026-04-29T04:01:11","slug":"universities-from-turkey","status":"publish","type":"page","link":"https:\/\/acaboda.info\/?page_id=3664","title":{"rendered":"Universities from Turkey"},"content":{"rendered":"\n<figure class=\"wp-block-table\"><table class=\"has-fixed-layout\"><tbody><tr><td><strong>University<\/strong><\/td><td><strong>Dates of published papers<\/strong><\/td><td><strong>Further comments<\/strong><\/td><\/tr><tr><td>Istanbul Medipol University, Istanbul<\/td><td><a href=\"https:\/\/pubmed.ncbi.nlm.nih.gov\/34501738\/\">August 2021<\/a>, <a href=\"https:\/\/pubmed.ncbi.nlm.nih.gov\/34883281\/\">January 2022<\/a>, <a href=\"https:\/\/pubmed.ncbi.nlm.nih.gov\/34978156\/\">January 2022 (2)<\/a>, <a href=\"https:\/\/pubmed.ncbi.nlm.nih.gov\/35378658\/\">May 2022<\/a>, <a href=\"https:\/\/pubmed.ncbi.nlm.nih.gov\/35997389\/\">July 2022<\/a>, <a href=\"https:\/\/pubmed.ncbi.nlm.nih.gov\/35972001\/\">August 2022<\/a>, <a href=\"https:\/\/pubmed.ncbi.nlm.nih.gov\/35852775\/\">September 2022<\/a>, <a href=\"https:\/\/pubmed.ncbi.nlm.nih.gov\/35932955\/\">October 2022<\/a>, <\/td><td><\/td><\/tr><tr><td>Abant Izzet Baysal University, Bolu<\/td><td><a href=\"https:\/\/pubmed.ncbi.nlm.nih.gov\/27347649\/\">August 2016<\/a>, <a href=\"https:\/\/pubmed.ncbi.nlm.nih.gov\/27994566\/\">December 2016<\/a>, <a href=\"https:\/\/pubmed.ncbi.nlm.nih.gov\/35002819\/\">December 2021<\/a>, <a href=\"https:\/\/pubmed.ncbi.nlm.nih.gov\/37366482\/\">June 2023<\/a>, <a href=\"https:\/\/pubmed.ncbi.nlm.nih.gov\/39138585\/\">December 2024<\/a><\/td><td><\/td><\/tr><tr><td>Istanbul University<\/td><td><a href=\"https:\/\/pubmed.ncbi.nlm.nih.gov\/33673563\/\">February 2021<\/a>, <a href=\"https:\/\/pubmed.ncbi.nlm.nih.gov\/34575248\/\">September 2021<\/a>, <a href=\"https:\/\/pubmed.ncbi.nlm.nih.gov\/36811519\/\">February 2023<\/a><\/td><td><\/td><\/tr><tr><td>Ondokuz Mayis University, Samsun<\/td><td><a href=\"https:\/\/pubmed.ncbi.nlm.nih.gov\/35703943\/\">November 2022<\/a>, <a href=\"https:\/\/pubmed.ncbi.nlm.nih.gov\/36935315\/\">February 2023<\/a>, <a href=\"https:\/\/pubmed.ncbi.nlm.nih.gov\/36863648\/\">February 2024<\/a><\/td><td><\/td><\/tr><tr><td>Ko\u00e7 University, Istanbul<\/td><td><a href=\"https:\/\/pubmed.ncbi.nlm.nih.gov\/28558627\/\">April 2017<\/a>, <a href=\"https:\/\/pubmed.ncbi.nlm.nih.gov\/39441064\/\">October 2024<\/a>, <a href=\"https:\/\/pubmed.ncbi.nlm.nih.gov\/39360756\/\">December 2024<\/a>, <a href=\"https:\/\/pubmed.ncbi.nlm.nih.gov\/39701007\/\">February 2025<\/a>, <a href=\"https:\/\/pubmed.ncbi.nlm.nih.gov\/39441064\/\">April 2025<\/a><\/td><td><\/td><\/tr><tr><td>Marmara University <\/td><td><a href=\"https:\/\/pubmed.ncbi.nlm.nih.gov\/40995775\/\" data-type=\"link\" data-id=\"https:\/\/pubmed.ncbi.nlm.nih.gov\/40995775\/\">January 2026<\/a><\/td><td><\/td><\/tr><tr><td>Istanbul University-Cerrahpasa<\/td><td><a href=\"https:\/\/pubmed.ncbi.nlm.nih.gov\/32446612\/\">June 2020<\/a><\/td><td><\/td><\/tr><tr><td>Izmir Katip Celebi University, Izmir<\/td><td><a href=\"https:\/\/pubmed.ncbi.nlm.nih.gov\/32815747\/\">September 2020<\/a>, <a href=\"https:\/\/pubmed.ncbi.nlm.nih.gov\/35639354\/\">September 2020<\/a> (2), <a href=\"https:\/\/pubmed.ncbi.nlm.nih.gov\/35639354\/\">September 2022<\/a><\/td><td><\/td><\/tr><tr><td>&nbsp;Izmir Ege University<\/td><td><a href=\"https:\/\/pubmed.ncbi.nlm.nih.gov\/35639354\/\">September 2022<\/a><\/td><td><\/td><\/tr><tr><td>Izmir University of Economics<\/td><td><a href=\"https:\/\/pubmed.ncbi.nlm.nih.gov\/35639354\/\">September 2022<\/a><\/td><td><\/td><\/tr><tr><td>Bahcesir University<\/td><td><a href=\"https:\/\/www.bloomsbury.com\/uk\/education-in-eastern-europe-and-eurasia-9781623561291\/\">May 2014<\/a><\/td><td><\/td><\/tr><tr><td>Bogacizi University, Istanbul<\/td><td><a href=\"https:\/\/www.bloomsbury.com\/uk\/education-in-eastern-europe-and-eurasia-9781623561291\/\">May 2014<\/a><\/td><td><\/td><\/tr><tr><td>Seyh Edebali University, Bilecik<\/td><td><a href=\"https:\/\/pubmed.ncbi.nlm.nih.gov\/41712969\/\" data-type=\"link\" data-id=\"https:\/\/pubmed.ncbi.nlm.nih.gov\/41712969\/\">May 2026<\/a><\/td><td><\/td><\/tr><\/tbody><\/table><\/figure>\n\n\n\n<p><a href=\"https:\/\/acaboda.info\/?page_id=3911\" data-type=\"link\" data-id=\"https:\/\/acaboda.info\/?page_id=3911\">Other countries <\/a><\/p>\n\n\n\n<figure class=\"wp-block-table\"><table class=\"has-fixed-layout\"><tbody><tr><td><strong>Scholar<\/strong><\/td><td><strong>University<\/strong><\/td><td><strong>Collaborations<\/strong><\/td><\/tr><tr><td>\u00a0<a href=\"https:\/\/pubmed.ncbi.nlm.nih.gov\/?term=Akdede+BBK&amp;cauthor_id=39142215\">Berna B K Akdede<\/a><\/td><td>Dokuz Eyl\u00fcl University<\/td><td><a href=\"https:\/\/pubmed.ncbi.nlm.nih.gov\/39142215\/\" data-type=\"link\" data-id=\"https:\/\/pubmed.ncbi.nlm.nih.gov\/39142215\/\">October 2024<\/a><\/td><\/tr><tr><td><a href=\"https:\/\/pubmed.ncbi.nlm.nih.gov\/?term=Ya%C4%9Fc%C4%B1o%C4%9Flu+AEA&amp;cauthor_id=39142215\">A Elif An\u0131l Ya\u011fc\u0131o\u011flu<\/a><\/td><td>Hacettepe University<\/td><td><a href=\"https:\/\/pubmed.ncbi.nlm.nih.gov\/39142215\/\" data-type=\"link\" data-id=\"https:\/\/pubmed.ncbi.nlm.nih.gov\/39142215\/\">October 2024<\/a><\/td><\/tr><tr><td><\/td><td><\/td><td><\/td><\/tr><tr><td><\/td><td><\/td><td><\/td><\/tr><tr><td><\/td><td><\/td><td><\/td><\/tr><tr><td><\/td><td><\/td><td><\/td><\/tr><tr><td><\/td><td><\/td><td><\/td><\/tr><tr><td><\/td><td><\/td><td><\/td><\/tr><tr><td><\/td><td><\/td><td><\/td><\/tr><tr><td><\/td><td><\/td><td><\/td><\/tr><tr><td><\/td><td><\/td><td><\/td><\/tr><tr><td><\/td><td><\/td><td><\/td><\/tr><tr><td><\/td><td><\/td><td><\/td><\/tr><tr><td><\/td><td><\/td><td><\/td><\/tr><tr><td><\/td><td><\/td><td><\/td><\/tr><tr><td><\/td><td><\/td><td><\/td><\/tr><tr><td><\/td><td><\/td><td><\/td><\/tr><tr><td><\/td><td><\/td><td><\/td><\/tr><tr><td><\/td><td><\/td><td><\/td><\/tr><\/tbody><\/table><\/figure>\n","protected":false},"excerpt":{"rendered":"<p>University Dates of published papers Further comments Istanbul Medipol University, Istanbul August [&hellip;]<\/p>\n","protected":false},"author":1,"featured_media":0,"parent":0,"menu_order":0,"comment_status":"closed","ping_status":"closed","template":"","meta":{"footnotes":""},"class_list":["post-3664","page","type-page","status-publish","hentry"],"_links":{"self":[{"href":"https:\/\/acaboda.info\/index.php?rest_route=\/wp\/v2\/pages\/3664","targetHints":{"allow":["GET"]}}],"collection":[{"href":"https:\/\/acaboda.info\/index.php?rest_route=\/wp\/v2\/pages"}],"about":[{"href":"https:\/\/acaboda.info\/index.php?rest_route=\/wp\/v2\/types\/page"}],"author":[{"embeddable":true,"href":"https:\/\/acaboda.info\/index.php?rest_route=\/wp\/v2\/users\/1"}],"replies":[{"embeddable":true,"href":"https:\/\/acaboda.info\/index.php?rest_route=%2Fwp%2Fv2%2Fcomments&post=3664"}],"version-history":[{"count":4,"href":"https:\/\/acaboda.info\/index.php?rest_route=\/wp\/v2\/pages\/3664\/revisions"}],"predecessor-version":[{"id":5950,"href":"https:\/\/acaboda.info\/index.php?rest_route=\/wp\/v2\/pages\/3664\/revisions\/5950"}],"wp:attachment":[{"href":"https:\/\/acaboda.info\/index.php?rest_route=%2Fwp%2Fv2%2Fmedia&parent=3664"}],"curies":[{"name":"wp","href":"https:\/\/api.w.org\/{rel}","templated":true}]}}